{"id":841,"date":"2020-04-21T18:09:16","date_gmt":"2020-04-21T18:09:16","guid":{"rendered":"http:\/\/siproi.com.ar\/sitio\/?post_type=product&#038;p=841"},"modified":"2020-04-22T16:35:44","modified_gmt":"2020-04-22T16:35:44","slug":"manga-2","status":"publish","type":"product","link":"http:\/\/siproi.com.ar\/sitio\/product\/manga-2\/","title":{"rendered":"Manguera Armtex"},"content":{"rendered":"<p>Manga de Incendio ARMTEX, con sellos IRAM. Con uniones mandriladas o del tipo storz. Armtex conserva su alta resistencia a la presi\u00f3n, a los productos qu\u00edmicos, a la abrasi\u00f3n, altas temperaturas, y envejecimiento durante su larga vida \u00fatil.<\/p>\n<p><strong>RESISTENCIA DE LA MANGUERA ARMTEX A LOS PRODUCTOS QU\u00cdMICOS:<\/strong><\/p>\n<p>&#8211; \u00c1CIDOS: \u00c1CIDO AC\u00c9TICO 30% \/ B\u00d3RICO \/ C\u00cdTRICO \/ \u00d3LEICO \/ PALM\u00cdTICO<br \/>\n&#8211; BASES: HIDR\u00d3XIDO S\u00d3DICO \/ HIDR\u00d3XIDO POT\u00c1SICO \/ HIDR\u00d3XIDO C\u00c1LCICO \/ HIDR\u00d3XIDO AMON\u00cdACO<br \/>\n&#8211; ESTERES: FTALATO DE DIOCTILO \/ ESTEARATO DE BUTILO<br \/>\n&#8211; ETERES: ETER DIETILICO \/ ETER ISOPROPILICO<br \/>\n&#8211; SALES MET\u00c1LICAS: NITRATO DE CALCIO \/ CLORURO POT\u00c1SICO \/ NITRATO POT\u00c1SICO \/ CLORURO S\u00d3DICO \/ SULFATO S\u00d3DICO<\/p>\n","protected":false},"excerpt":{"rendered":"<p>Manga de Incendio ARMTEX, con sellos IRAM. Con uniones mandriladas o del tipo storz. Armtex conserva su alta resistencia a la presi\u00f3n, a los productos qu\u00edmicos, a la abrasi\u00f3n, altas temperaturas, y envejecimiento durante su larga vida \u00fatil. RESISTENCIA DE LA MANGUERA ARMTEX A LOS PRODUCTOS QU\u00cdMICOS: &#8211; \u00c1CIDOS: \u00c1CIDO AC\u00c9TICO 30% \/ B\u00d3RICO \/ [&#8230;]\n","protected":false},"featured_media":843,"comment_status":"open","ping_status":"closed","template":"","meta":{"iawp_total_views":106},"product_brand":[],"product_cat":[59,61],"product_tag":[],"class_list":{"0":"post-841","1":"product","2":"type-product","3":"status-publish","4":"has-post-thumbnail","6":"product_cat-extincion","7":"product_cat-hidrantes","9":"first","10":"instock","11":"shipping-taxable","12":"product-type-simple"},"_links":{"self":[{"href":"http:\/\/siproi.com.ar\/sitio\/wp-json\/wp\/v2\/product\/841","targetHints":{"allow":["GET"]}}],"collection":[{"href":"http:\/\/siproi.com.ar\/sitio\/wp-json\/wp\/v2\/product"}],"about":[{"href":"http:\/\/siproi.com.ar\/sitio\/wp-json\/wp\/v2\/types\/product"}],"replies":[{"embeddable":true,"href":"http:\/\/siproi.com.ar\/sitio\/wp-json\/wp\/v2\/comments?post=841"}],"wp:featuredmedia":[{"embeddable":true,"href":"http:\/\/siproi.com.ar\/sitio\/wp-json\/wp\/v2\/media\/843"}],"wp:attachment":[{"href":"http:\/\/siproi.com.ar\/sitio\/wp-json\/wp\/v2\/media?parent=841"}],"wp:term":[{"taxonomy":"product_brand","embeddable":true,"href":"http:\/\/siproi.com.ar\/sitio\/wp-json\/wp\/v2\/product_brand?post=841"},{"taxonomy":"product_cat","embeddable":true,"href":"http:\/\/siproi.com.ar\/sitio\/wp-json\/wp\/v2\/product_cat?post=841"},{"taxonomy":"product_tag","embeddable":true,"href":"http:\/\/siproi.com.ar\/sitio\/wp-json\/wp\/v2\/product_tag?post=841"}],"curies":[{"name":"wp","href":"https:\/\/api.w.org\/{rel}","templated":true}]}}