{"id":820,"date":"2020-03-26T19:15:47","date_gmt":"2020-03-26T19:15:47","guid":{"rendered":"http:\/\/siproi.com.ar\/sitio\/?post_type=product&#038;p=820"},"modified":"2025-05-14T19:14:59","modified_gmt":"2025-05-14T19:14:59","slug":"detector-optico-termico-direccionable-y-analogico-de-bajo-perfil-color-blanco-notifier-fsp-951t","status":"publish","type":"product","link":"http:\/\/siproi.com.ar\/sitio\/product\/detector-optico-termico-direccionable-y-analogico-de-bajo-perfil-color-blanco-notifier-fsp-951t\/","title":{"rendered":"Detector \u00f3ptico- t\u00e9rmico direccionable y anal\u00f3gico de bajo perfil."},"content":{"rendered":"","protected":false},"excerpt":{"rendered":"<p>COLOR BLANCO.<br \/>\nNotifier FSP-951T<\/p>\n","protected":false},"featured_media":816,"comment_status":"open","ping_status":"closed","template":"","meta":{"iawp_total_views":41},"product_brand":[],"product_cat":[65,60,64],"product_tag":[],"class_list":{"0":"post-820","1":"product","2":"type-product","3":"status-publish","4":"has-post-thumbnail","6":"product_cat-convencional","7":"product_cat-deteccion","8":"product_cat-inteligente","10":"first","11":"instock","12":"shipping-taxable","13":"product-type-simple"},"_links":{"self":[{"href":"http:\/\/siproi.com.ar\/sitio\/wp-json\/wp\/v2\/product\/820","targetHints":{"allow":["GET"]}}],"collection":[{"href":"http:\/\/siproi.com.ar\/sitio\/wp-json\/wp\/v2\/product"}],"about":[{"href":"http:\/\/siproi.com.ar\/sitio\/wp-json\/wp\/v2\/types\/product"}],"replies":[{"embeddable":true,"href":"http:\/\/siproi.com.ar\/sitio\/wp-json\/wp\/v2\/comments?post=820"}],"wp:featuredmedia":[{"embeddable":true,"href":"http:\/\/siproi.com.ar\/sitio\/wp-json\/wp\/v2\/media\/816"}],"wp:attachment":[{"href":"http:\/\/siproi.com.ar\/sitio\/wp-json\/wp\/v2\/media?parent=820"}],"wp:term":[{"taxonomy":"product_brand","embeddable":true,"href":"http:\/\/siproi.com.ar\/sitio\/wp-json\/wp\/v2\/product_brand?post=820"},{"taxonomy":"product_cat","embeddable":true,"href":"http:\/\/siproi.com.ar\/sitio\/wp-json\/wp\/v2\/product_cat?post=820"},{"taxonomy":"product_tag","embeddable":true,"href":"http:\/\/siproi.com.ar\/sitio\/wp-json\/wp\/v2\/product_tag?post=820"}],"curies":[{"name":"wp","href":"https:\/\/api.w.org\/{rel}","templated":true}]}}