{"id":670,"date":"2020-03-13T16:07:45","date_gmt":"2020-03-13T16:07:45","guid":{"rendered":"http:\/\/siproi.com.ar\/sitio\/?page_id=670"},"modified":"2020-03-16T14:53:08","modified_gmt":"2020-03-16T14:53:08","slug":"historia","status":"publish","type":"page","link":"http:\/\/siproi.com.ar\/sitio\/historia\/","title":{"rendered":"Historia"},"content":{"rendered":"\n<div class=\"slider-wrapper relative \" id=\"slider-1862373392\" >\n    <div class=\"slider slider-nav-circle slider-nav-large slider-nav-light slider-style-normal\"\n        data-flickity-options='{\n            \"cellAlign\": \"center\",\n            \"imagesLoaded\": true,\n            \"lazyLoad\": 1,\n            \"freeScroll\": false,\n            \"wrapAround\": true,\n            \"autoPlay\": 6000,\n            \"pauseAutoPlayOnHover\" : true,\n            \"prevNextButtons\": true,\n            \"contain\" : true,\n            \"adaptiveHeight\" : true,\n            \"dragThreshold\" : 10,\n            \"percentPosition\": true,\n            \"pageDots\": true,\n            \"rightToLeft\": false,\n            \"draggable\": true,\n            \"selectedAttraction\": 0.1,\n            \"parallax\" : 0,\n            \"friction\": 0.6        }'\n        >\n        \n\n\n  <div class=\"banner has-hover\" id=\"banner-2010997798\">\n          <div class=\"banner-inner fill\">\n        <div class=\"banner-bg fill\" >\n            <div class=\"bg fill bg-fill \"><\/div>\n                        <div class=\"overlay\"><\/div>            \n                    <\/div><!-- bg-layers -->\n        <div class=\"banner-layers container\">\n            <div class=\"fill banner-link\"><\/div>            \n\n   <div id=\"text-box-1220637448\" class=\"text-box banner-layer x50 md-x50 lg-x50 y50 md-y50 lg-y50 res-text\">\n                     <div data-animate=\"flipInY\">           <div class=\"text dark\">\n              \n              <div class=\"text-inner text-center\">\n                  \n\n<div class=\"is-divider divider clearfix\" style=\"margin-top:3px;margin-bottom:3px;\"><\/div><!-- .divider -->\n\n<h3 class=\"normal\"><span style=\"font-size: 140%; color: #000000;\"><strong><span style=\"font-family: helvetica, arial, sans-serif;\"><span style=\"color: #ffffff;\">SIPROI SRL <\/span><br \/><span style=\"font-size: 75%; color: #ffffff;\">2005 &#8211; Actualidad<\/span><br \/><\/span><\/strong><\/span><\/h3>\n<div class=\"is-divider divider clearfix\" ><\/div><!-- .divider -->\n\n\n              <\/div>\n           <\/div><!-- text-box-inner -->\n       <\/div>                     \n<style scope=\"scope\">\n\n#text-box-1220637448 {\n  width: 100%;\n}\n#text-box-1220637448 .text {\n  font-size: 100%;\n}\n\n\n@media (min-width:550px) {\n\n  #text-box-1220637448 {\n    width: 58%;\n  }\n\n}\n<\/style>\n    <\/div><!-- text-box -->\n \n\n        <\/div><!-- .banner-layers -->\n      <\/div><!-- .banner-inner -->\n\n            \n<style scope=\"scope\">\n\n#banner-2010997798 {\n  padding-top: 250px;\n}\n#banner-2010997798 .bg.bg-loaded {\n  background-image: url(http:\/\/siproi.com.ar\/sitio\/wp-content\/uploads\/2020\/01\/WhatsApp-Image-2019-11-28-at-12.52.44-PM-2.jpeg);\n}\n#banner-2010997798 .overlay {\n  background-color: rgba(0, 0, 0, 0.65);\n}\n#banner-2010997798 .bg {\n  background-position: 58% 63%;\n}\n<\/style>\n  <\/div><!-- .banner -->\n\n\n\n     <\/div>\n\n     <div class=\"loading-spin dark large centered\"><\/div>\n\n     <style scope=\"scope\">\n             <\/style>\n<\/div><!-- .ux-slider-wrapper -->\n\n\n<div class=\"message-box relative dark\" style=\"padding-top:69px;padding-bottom:69px;\"><div class=\"message-box-bg-image bg-fill fill\" style=\"background-image:url(http:\/\/siproi.com.ar\/sitio\/wp-content\/uploads\/2020\/02\/IMG_3277.jpg);\"><\/div><div class=\"message-box-bg-overlay bg-fill fill\" style=\"background-color:rgba(0, 0, 0, 0.88);\"><\/div><div class=\"container relative\"><div class=\"inner last-reset\">\n\n<div class=\"row align-middle align-center\"  id=\"row-1846399948\">\n\n<div class=\"col small-12 large-12\"  ><div class=\"col-inner\"  >\n\n<p><span style=\"font-size: 120%;\">HISTORIA<\/span><\/p>\n<p>Fundada en el a\u00f1o 2005, nace como una empresa (PyME) familiar argentina, con fondos propios, mucho sacrificio y grandes expectativas. Basados en la vocaci\u00f3n, experiencia y trayectoria de m\u00e1s de 25 a\u00f1os de Carlos Schiavone (57) en el rubro, junto a Esteban Schiavone (22), emprenden un nuevo proyecto. Nueva etapa.<\/p>\n<p>En un contexto adverso y a la vez lleno de oportunidades, la empresa inicia un per\u00edodo de avance y crecimiento, reinvirtiendo sus ganancias, y tambi\u00e9n sus fracasos.<\/p>\n<p>A partir del a\u00f1o 2012 entra en la fase de maduraci\u00f3n: organizaci\u00f3n del negocio, b\u00fasqueda de asesor\u00eda y consultor\u00eda externa, formaci\u00f3n del equipo de trabajo, definici\u00f3n de funciones y procesos. Capacitaciones.<\/p>\n<p>En busca de la profesionalizaci\u00f3n y expansi\u00f3n del negocio, gracias al compromiso y arduo trabajo de equipo, en el a\u00f1o 2019 certificamos las normas ISO 9001:2015, implementando un proceso de mejora continua.<\/p>\n<p>Estamos convencidos que a\u00fan queda mucho m\u00e1s por delante. Por mejorar. Por crecer. Por dar.<\/p>\n<p>La historia reci\u00e9n comienza\u2026<\/p>\n<p><span style=\"color: #ffffff;\"><strong><\/span><\/p>\n\n<\/div><\/div>\n\n\n<style scope=\"scope\">\n\n<\/style>\n<\/div>\n\n<\/div><\/div><\/div>\n\n","protected":false},"excerpt":{"rendered":"","protected":false},"author":3,"featured_media":0,"parent":0,"menu_order":0,"comment_status":"closed","ping_status":"closed","template":"page-blank.php","meta":{"iawp_total_views":242,"footnotes":""},"class_list":["post-670","page","type-page","status-publish","hentry"],"_links":{"self":[{"href":"http:\/\/siproi.com.ar\/sitio\/wp-json\/wp\/v2\/pages\/670","targetHints":{"allow":["GET"]}}],"collection":[{"href":"http:\/\/siproi.com.ar\/sitio\/wp-json\/wp\/v2\/pages"}],"about":[{"href":"http:\/\/siproi.com.ar\/sitio\/wp-json\/wp\/v2\/types\/page"}],"author":[{"embeddable":true,"href":"http:\/\/siproi.com.ar\/sitio\/wp-json\/wp\/v2\/users\/3"}],"replies":[{"embeddable":true,"href":"http:\/\/siproi.com.ar\/sitio\/wp-json\/wp\/v2\/comments?post=670"}],"version-history":[{"count":7,"href":"http:\/\/siproi.com.ar\/sitio\/wp-json\/wp\/v2\/pages\/670\/revisions"}],"predecessor-version":[{"id":717,"href":"http:\/\/siproi.com.ar\/sitio\/wp-json\/wp\/v2\/pages\/670\/revisions\/717"}],"wp:attachment":[{"href":"http:\/\/siproi.com.ar\/sitio\/wp-json\/wp\/v2\/media?parent=670"}],"curies":[{"name":"wp","href":"https:\/\/api.w.org\/{rel}","templated":true}]}}