{"id":386,"date":"2020-01-31T14:16:24","date_gmt":"2020-01-31T14:16:24","guid":{"rendered":"http:\/\/siproi.com.ar\/sitio\/?page_id=386"},"modified":"2020-03-27T14:51:21","modified_gmt":"2020-03-27T14:51:21","slug":"sistemas-de-deteccion","status":"publish","type":"page","link":"http:\/\/siproi.com.ar\/sitio\/sistemas-de-deteccion\/","title":{"rendered":"Sistemas de detecci\u00f3n"},"content":{"rendered":"\n<div class=\"container section-title-container\" ><h3 class=\"section-title section-title-normal\"><b><\/b><span class=\"section-title-main\" >2.\tSistemas de detecci\u00f3n<\/span><b><\/b><\/h3><\/div><!-- .section-title -->\n\n<div class=\"row\"  id=\"row-1808537123\">\n\n<div class=\"col small-12 large-12\"  ><div class=\"col-inner\"  >\n\n<p><span style=\"font-size: 105%;\">Los sistemas de detecci\u00f3n de incendios permiten:<\/span><\/p>\n<ul>\n<li><span style=\"font-size: 85%;\">identificar y avisar la existencia de un incendio, sin necesidad de presencia f\u00edsica ni intervenci\u00f3n humana.&nbsp;<\/span><\/li>\n<li><span style=\"font-size: 85%;\">identificar el siniestro en el momento justo para proceder a su extinci\u00f3n y minimizar los da\u00f1os.<\/span><\/li>\n<\/ul>\n<p><span style=\"font-size: 85%;\">Consisten en una central de detecci\u00f3n y alarma a la cual se conectan diversos perif\u00e9ricos como: detectores de humo, detectores de temperatura fija y\/o termovelocim\u00e9trica, detectores de gas, avisadores manuales, sirenas, estrobos, barreras de humo, pulsadores de descarga y aborto, m\u00f3dulos de monitoreo, control y zona, etc.<\/span><\/p>\n<p><span style=\"font-size: 85%;\">Amplia variedad de marcas y equipos.<br \/><\/span><span style=\"font-size: 85%;\">Existen diferentes sistemas de detecci\u00f3n de humo y gases especiales. B\u00e1sicamente, ofrecemos las siguientes alternativas:<\/span><\/p>\n<ul>\n<li><span style=\"font-size: 85%;\">Sistemas inteligentes <strong><br \/><\/strong><\/span><\/li>\n<li><span style=\"font-size: 85%;\">Sistemas convencionales <strong><br \/><\/strong><\/span><\/li>\n<li><span style=\"font-size: 85%;\">Detecci\u00f3n por aspiraci\u00f3n <strong><br \/><\/strong><\/span><\/li>\n<li><span style=\"font-size: 85%;\">Detecci\u00f3n de gases especiales <strong><br \/><\/strong><\/span><\/li>\n<\/ul>\n\n<\/div><\/div>\n\n<\/div>\n<div class=\"container section-title-container\" ><h4 class=\"section-title section-title-normal\"><b><\/b><span class=\"section-title-main\" >1.1.\t Sistemas inteligentes<\/span><b><\/b><\/h4><\/div><!-- .section-title -->\n\n<div class=\"row\"  id=\"row-1815362514\">\n\n<div class=\"col medium-4 small-12 large-4\"  ><div class=\"col-inner\"  >\n\n\t<div class=\"img has-hover x md-x lg-x y md-y lg-y\" id=\"image_1537305123\">\n\t\t\t\t\t\t\t\t<div class=\"img-inner image-cover dark\" style=\"padding-top:200px;\">\n\t\t\t<img loading=\"lazy\" decoding=\"async\" width=\"1020\" height=\"574\" src=\"http:\/\/siproi.com.ar\/sitio\/wp-content\/uploads\/2020\/02\/inteligente-1400x788.jpg\" class=\"attachment-large size-large\" alt=\"\" srcset=\"http:\/\/siproi.com.ar\/sitio\/wp-content\/uploads\/2020\/02\/inteligente-1400x788.jpg 1400w, http:\/\/siproi.com.ar\/sitio\/wp-content\/uploads\/2020\/02\/inteligente-510x287.jpg 510w, http:\/\/siproi.com.ar\/sitio\/wp-content\/uploads\/2020\/02\/inteligente-711x400.jpg 711w, http:\/\/siproi.com.ar\/sitio\/wp-content\/uploads\/2020\/02\/inteligente-768x432.jpg 768w, http:\/\/siproi.com.ar\/sitio\/wp-content\/uploads\/2020\/02\/inteligente-1536x864.jpg 1536w, http:\/\/siproi.com.ar\/sitio\/wp-content\/uploads\/2020\/02\/inteligente-600x338.jpg 600w, http:\/\/siproi.com.ar\/sitio\/wp-content\/uploads\/2020\/02\/inteligente.jpg 1920w\" sizes=\"auto, (max-width: 1020px) 100vw, 1020px\" \/>\t\t\t\t\t\t\n\t\t\t\t\t<\/div>\n\t\t\t\t\t\t\t\t\n<style scope=\"scope\">\n\n#image_1537305123 {\n  width: 100%;\n}\n<\/style>\n\t<\/div>\n\t\n\n\n<\/div><\/div>\n<div class=\"col medium-8 small-12 large-8\"  ><div class=\"col-inner\"  >\n\n<p><span style=\"font-size: 85%;\">Tambi\u00e9n conocidos como sistemas anal\u00f3gicos direccionables. Su principal ventaja es la capacidad de monitorear ya sea una peque\u00f1a o una gran cantidad de elementos de detecci\u00f3n, pudiendo el personal de seguridad tener informaci\u00f3n precisa del \u00e1rea alarmada.<\/span><\/p>\n<p><span style=\"font-size: 85%;\"><strong>Caracter\u00edsticas:<\/strong><\/span><\/p>\n<ul>\n<li><span style=\"font-size: 85%;\">Elementos \u201csensores\u201d conectados en lazo.<\/span><\/li>\n<li><span style=\"font-size: 85%;\">Indica si hay alarma o no por cada elemento.<\/span><\/li>\n<li><span style=\"font-size: 85%;\">Detecta o censa humo, temperatura, fuego u cualquier condici\u00f3n an\u00e1loga.<\/span><\/li>\n<li><span style=\"font-size: 85%;\">Se puede regular la sensibilidad seg\u00fan el caso.<\/span><\/li>\n<li><span style=\"font-size: 85%;\">Sistema reacciona de acuerdo a protocolo de respuesta.<\/span><\/li>\n<\/ul>\n\n<\/div><\/div>\n\n<\/div>\n<div class=\"container section-title-container\" ><h4 class=\"section-title section-title-normal\"><b><\/b><span class=\"section-title-main\" >2.2.\tSistemas convencionales<\/span><b><\/b><\/h4><\/div><!-- .section-title -->\n\n<div class=\"row\"  id=\"row-533380612\">\n\n<div class=\"col medium-4 small-12 large-4\"  ><div class=\"col-inner\"  >\n\n\t<div class=\"img has-hover x md-x lg-x y md-y lg-y\" id=\"image_1253872137\">\n\t\t\t\t\t\t\t\t<div class=\"img-inner image-cover dark\" style=\"padding-top:200px;\">\n\t\t\t<img loading=\"lazy\" decoding=\"async\" width=\"564\" height=\"334\" src=\"http:\/\/siproi.com.ar\/sitio\/wp-content\/uploads\/2020\/02\/convencional.jpg\" class=\"attachment-large size-large\" alt=\"\" srcset=\"http:\/\/siproi.com.ar\/sitio\/wp-content\/uploads\/2020\/02\/convencional.jpg 564w, http:\/\/siproi.com.ar\/sitio\/wp-content\/uploads\/2020\/02\/convencional-510x302.jpg 510w\" sizes=\"auto, (max-width: 564px) 100vw, 564px\" \/>\t\t\t\t\t\t\n\t\t\t\t\t<\/div>\n\t\t\t\t\t\t\t\t\n<style scope=\"scope\">\n\n#image_1253872137 {\n  width: 100%;\n}\n<\/style>\n\t<\/div>\n\t\n\n\n<\/div><\/div>\n<div class=\"col medium-8 small-12 large-8\"  ><div class=\"col-inner\"  >\n\n<p><span style=\"font-size: 85%;\">Se trata de sistemas m\u00e1s econ\u00f3micos que los inteligentes, ideales para instalaciones peque\u00f1as. Requieren menos mantenimiento y su instalaci\u00f3n es sencilla. Pueden integrarse a un sistema de supresi\u00f3n.<\/span><\/p>\n<p><strong><span style=\"font-size: 85%;\">Caracter\u00edsticas<\/span><\/strong><\/p>\n<ul>\n<li><span style=\"font-size: 85%;\">Elementos detectores conectados en lazo.<\/span><\/li>\n<li><span style=\"font-size: 85%;\">Indica si hay alarma o no por zonas.<\/span><\/li>\n<li><span style=\"font-size: 85%;\">Detecta o censa humo, calor, fuego u cualquier condici\u00f3n binaria.<\/span><\/li>\n<\/ul>\n\n<\/div><\/div>\n\n<\/div>\n<div class=\"container section-title-container\" ><h4 class=\"section-title section-title-normal\"><b><\/b><span class=\"section-title-main\" >2.3.\tDetecci\u00f3n por aspiraci\u00f3n<\/span><b><\/b><\/h4><\/div><!-- .section-title -->\n\n<div class=\"row\"  id=\"row-1869250143\">\n\n<div class=\"col medium-4 small-12 large-4\"  ><div class=\"col-inner\"  >\n\n\t<div class=\"img has-hover x md-x lg-x y md-y lg-y\" id=\"image_483762815\">\n\t\t\t\t\t\t\t\t<div class=\"img-inner image-cover dark\" style=\"padding-top:300px;\">\n\t\t\t<img loading=\"lazy\" decoding=\"async\" width=\"500\" height=\"335\" src=\"http:\/\/siproi.com.ar\/sitio\/wp-content\/uploads\/2020\/02\/aspi.jpg\" class=\"attachment-large size-large\" alt=\"\" \/>\t\t\t\t\t\t\n\t\t\t\t\t<\/div>\n\t\t\t\t\t\t\t\t\n<style scope=\"scope\">\n\n#image_483762815 {\n  width: 100%;\n}\n<\/style>\n\t<\/div>\n\t\n\n\n<\/div><\/div>\n<div class=\"col medium-8 small-12 large-8\"  ><div class=\"col-inner\"  >\n\n<p><span style=\"font-size: 85%;\">En este tipo de sistemas utilizan una red de tubos de muestreo que aspiran continuamente muestras de aire del \u00e1rea protegida y las llevan hasta un detector. El detector l\u00e1ser de alta sensibilidad mide la cantidad de humo presente del aire.<\/span><\/p>\n<p><span style=\"font-size: 85%;\">Son ideales para la protecci\u00f3n de lugares donde los detectores puntuales son de dif\u00edcil instalaci\u00f3n, acceso o mantenimiento, y tambi\u00e9n en instalaciones en las que, debido a su complejidad o valor hist\u00f3rico, no permiten la instalaci\u00f3n de detectores puntuales.<\/span><\/p>\n<p><strong><span style=\"font-size: 85%;\">Caracter\u00edsticas:<\/span><\/strong><\/p>\n<ul>\n<li><span style=\"font-size: 85%;\">El tiempo de detecci\u00f3n de un incendio incipiente es temprano. <\/span><\/li>\n<li><span style=\"font-size: 85%;\">La sensibilidad y velocidad de detecci\u00f3n son superioresa las de los detectores convencionales.<\/span><\/li>\n<\/ul>\n\n<\/div><\/div>\n\n<\/div>\n<div class=\"container section-title-container\" ><h4 class=\"section-title section-title-normal\"><b><\/b><span class=\"section-title-main\" >1.4.\tDetecci\u00f3n de gases especiales<\/span><b><\/b><\/h4><\/div><!-- .section-title -->\n\n<div class=\"row\"  id=\"row-1146322854\">\n\n<div class=\"col medium-4 small-12 large-4\"  ><div class=\"col-inner\"  >\n\n\t<div class=\"img has-hover x md-x lg-x y md-y lg-y\" id=\"image_766473377\">\n\t\t\t\t\t\t\t\t<div class=\"img-inner image-cover dark\" style=\"padding-top:200px;\">\n\t\t\t<img loading=\"lazy\" decoding=\"async\" width=\"674\" height=\"449\" src=\"http:\/\/siproi.com.ar\/sitio\/wp-content\/uploads\/2020\/02\/gases-1.jpg\" class=\"attachment-large size-large\" alt=\"\" srcset=\"http:\/\/siproi.com.ar\/sitio\/wp-content\/uploads\/2020\/02\/gases-1.jpg 674w, http:\/\/siproi.com.ar\/sitio\/wp-content\/uploads\/2020\/02\/gases-1-510x340.jpg 510w, http:\/\/siproi.com.ar\/sitio\/wp-content\/uploads\/2020\/02\/gases-1-600x400.jpg 600w\" sizes=\"auto, (max-width: 674px) 100vw, 674px\" \/>\t\t\t\t\t\t\n\t\t\t\t\t<\/div>\n\t\t\t\t\t\t\t\t\n<style scope=\"scope\">\n\n#image_766473377 {\n  width: 100%;\n}\n<\/style>\n\t<\/div>\n\t\n\n\n<\/div><\/div>\n<div class=\"col medium-8 small-12 large-8\"  ><div class=\"col-inner\"  >\n\n<p><span style=\"font-size: 85%;\">Estos sistemas se utilizan en ambientes donde la concentraci\u00f3n de gases inflamables puede llegar a comprometer la atm\u00f3sfera torn\u00e1ndola explosiva.<br \/>Tambi\u00e9n es de utilidad para ambientes habitados por personas, donde pueden ocurrir escapes de gases t\u00f3xicos que afecten al personal. <\/span><\/p>\n<p><strong><span style=\"font-size: 85%;\">Caracter\u00edsticas:<\/span><\/strong><\/p>\n<ul>\n<li><span style=\"font-size: 85%;\">Detectan gases especiales como ser CO (mon\u00f3xido de carbono), CO2 (di\u00f3xido de carbono), NH3 (amon\u00edaco), gas natural, \u00e1cidos, alcoholes etc.<\/span><\/li>\n<li><span style=\"font-size: 85%;\">Pueden ser programados para activar autom\u00e1ticamente equipos de ventilaci\u00f3n, detener procesos, provocar diluvio, etc.<\/span><\/li>\n<\/ul>\n<a href=\"http:\/\/siproi.com.ar\/sitio\/\" target=\"_self\" class=\"button alert lowercase\"  style=\"border-radius:99px;\">\n    <span>volver<\/span>\n  <\/a>\n\n\n\n<\/div><\/div>\n\n<\/div>\n\n","protected":false},"excerpt":{"rendered":"","protected":false},"author":3,"featured_media":0,"parent":0,"menu_order":0,"comment_status":"closed","ping_status":"closed","template":"","meta":{"iawp_total_views":580,"footnotes":""},"class_list":["post-386","page","type-page","status-publish","hentry"],"_links":{"self":[{"href":"http:\/\/siproi.com.ar\/sitio\/wp-json\/wp\/v2\/pages\/386","targetHints":{"allow":["GET"]}}],"collection":[{"href":"http:\/\/siproi.com.ar\/sitio\/wp-json\/wp\/v2\/pages"}],"about":[{"href":"http:\/\/siproi.com.ar\/sitio\/wp-json\/wp\/v2\/types\/page"}],"author":[{"embeddable":true,"href":"http:\/\/siproi.com.ar\/sitio\/wp-json\/wp\/v2\/users\/3"}],"replies":[{"embeddable":true,"href":"http:\/\/siproi.com.ar\/sitio\/wp-json\/wp\/v2\/comments?post=386"}],"version-history":[{"count":22,"href":"http:\/\/siproi.com.ar\/sitio\/wp-json\/wp\/v2\/pages\/386\/revisions"}],"predecessor-version":[{"id":825,"href":"http:\/\/siproi.com.ar\/sitio\/wp-json\/wp\/v2\/pages\/386\/revisions\/825"}],"wp:attachment":[{"href":"http:\/\/siproi.com.ar\/sitio\/wp-json\/wp\/v2\/media?parent=386"}],"curies":[{"name":"wp","href":"https:\/\/api.w.org\/{rel}","templated":true}]}}