{"id":372,"date":"2020-01-31T14:07:18","date_gmt":"2020-01-31T14:07:18","guid":{"rendered":"http:\/\/siproi.com.ar\/sitio\/?page_id=372"},"modified":"2020-02-19T13:30:21","modified_gmt":"2020-02-19T13:30:21","slug":"sistemas-de-extincion","status":"publish","type":"page","link":"http:\/\/siproi.com.ar\/sitio\/sistemas-de-extincion\/","title":{"rendered":"Sistemas de extinci\u00f3n"},"content":{"rendered":"\n<div class=\"container section-title-container\" ><h3 class=\"section-title section-title-normal\"><b><\/b><span class=\"section-title-main\" >1.\tSistemas de extinci\u00f3n<\/span><b><\/b><\/h3><\/div><!-- .section-title -->\n\n<div class=\"row\"  id=\"row-852754859\">\n\n<div class=\"col medium-11 small-12 large-11\"  ><div class=\"col-inner\"  >\n\n<p><span style=\"font-size: 85%;\">Estos sistemas pueden ser autom\u00e1ticos o manuales. Se utilizan para detectar, extinguir y\/o controlar un incendio en sus comienzos.<br \/><\/span><span style=\"font-size: 85%;\">El dise\u00f1o se realiza en base al riesgo, el uso y las dimensiones del edificio a proteger.<br \/><\/span><span style=\"font-size: 85%;\">Amplia variedad de marcas y equipos.<\/span><\/p>\n<p><span style=\"font-size: 85%;\">En base a los riesgos se pueden seleccionar los siguientes tipos de extinci\u00f3n:<\/span><\/p>\n<ul>\n<li><span style=\"font-size: 85%;\">Extinci\u00f3n por agua <strong><br \/><\/strong><\/span><\/li>\n<li><span style=\"font-size: 85%;\">Extinci\u00f3n por espuma <strong><br \/><\/strong><\/span><\/li>\n<li><span style=\"font-size: 85%;\">Extinci\u00f3n por gases<strong><br \/><\/strong><\/span><\/li>\n<\/ul>\n\n<\/div><\/div>\n\n<\/div>\n<div class=\"container section-title-container\" ><h4 class=\"section-title section-title-normal\"><b><\/b><span class=\"section-title-main\" >1.1.\tExtinci\u00f3n por agua<\/span><b><\/b><\/h4><\/div><!-- .section-title -->\n\n<div class=\"row\"  id=\"row-269752293\">\n\n<div class=\"col medium-6 small-12 large-6\"  ><div class=\"col-inner\"  >\n\n\t<div class=\"img has-hover x md-x lg-x y md-y lg-y\" id=\"image_1116163139\">\n\t\t\t\t\t\t\t\t<div class=\"img-inner image-cover dark\" style=\"padding-top:300px;\">\n\t\t\t<img loading=\"lazy\" decoding=\"async\" width=\"800\" height=\"534\" src=\"http:\/\/siproi.com.ar\/sitio\/wp-content\/uploads\/2020\/02\/por-agua.jpg\" class=\"attachment-large size-large\" alt=\"\" srcset=\"http:\/\/siproi.com.ar\/sitio\/wp-content\/uploads\/2020\/02\/por-agua.jpg 800w, http:\/\/siproi.com.ar\/sitio\/wp-content\/uploads\/2020\/02\/por-agua-510x340.jpg 510w, http:\/\/siproi.com.ar\/sitio\/wp-content\/uploads\/2020\/02\/por-agua-599x400.jpg 599w, http:\/\/siproi.com.ar\/sitio\/wp-content\/uploads\/2020\/02\/por-agua-768x513.jpg 768w, http:\/\/siproi.com.ar\/sitio\/wp-content\/uploads\/2020\/02\/por-agua-600x401.jpg 600w\" sizes=\"auto, (max-width: 800px) 100vw, 800px\" \/>\t\t\t\t\t\t\n\t\t\t\t\t<\/div>\n\t\t\t\t\t\t\t\t\n<style scope=\"scope\">\n\n#image_1116163139 {\n  width: 100%;\n}\n<\/style>\n\t<\/div>\n\t\n\n<div class=\"is-divider divider clearfix\" style=\"height:7px;\"><\/div><!-- .divider -->\n\n\t<div class=\"img has-hover x md-x lg-x y md-y lg-y\" id=\"image_402340944\">\n\t\t\t\t\t\t\t\t<div class=\"img-inner image-cover dark\" style=\"padding-top:300px;\">\n\t\t\t<img loading=\"lazy\" decoding=\"async\" width=\"450\" height=\"300\" src=\"http:\/\/siproi.com.ar\/sitio\/wp-content\/uploads\/2020\/02\/por-agua1.jpg\" class=\"attachment-large size-large\" alt=\"\" \/>\t\t\t\t\t\t\n\t\t\t\t\t<\/div>\n\t\t\t\t\t\t\t\t\n<style scope=\"scope\">\n\n#image_402340944 {\n  width: 100%;\n}\n<\/style>\n\t<\/div>\n\t\n\n\n<\/div><\/div>\n<div class=\"col medium-6 small-12 large-6\"  ><div class=\"col-inner\"  >\n\n<p><span style=\"font-size: 85%;\">Estas instalaciones son dimensionadas mediante c\u00e1lculo hidr\u00e1ulico y suelen estar compuestas por una reserva exclusiva de agua, un sistema de bombeo (el\u00e9ctrico y\/o diesel), ca\u00f1er\u00edas y bocas de ataque (rociadores, hidrantes, etc.).<\/span><\/p>\n<ol>\n<li><span style=\"font-size: 85%;\"><strong>Tanques de reserva y sala de bombas. <\/strong><\/span><\/li>\n<\/ol>\n<p><span style=\"font-size: 85%;\">El agua debe proporcionarse con el caudal y la presi\u00f3n adecuados. Para ello se requiere:<br \/><\/span><span style=\"font-size: 85%;\">&#8211; Tanques de reserva de agua en diversos materiales (acero negro, acero inoxidable, PRFV, etc.)<br \/><\/span><span style=\"font-size: 85%;\">&#8211; Equipo de bombas: Bomba de presurizaci\u00f3n (Jockey), Bomba principal (el\u00e9ctrica o diesel) y Bomba de reserva.<br \/><\/span><span style=\"font-size: 85%;\">&#8211; Colectores de prueba, caudal\u00edmetro, etc.<\/span><\/p>\n<ol>\n<li><span style=\"font-size: 85%;\"><strong>Rociadores: ca\u00f1er\u00eda h\u00fameda o seca.<\/strong><\/span><\/li>\n<\/ol>\n<p><span style=\"font-size: 85%;\">Representan una protecci\u00f3n permanente: las 24 hs, los 365 d\u00edas del a\u00f1o.<br \/><\/span><span style=\"font-size: 85%;\">&#8211; Ca\u00f1er\u00eda h\u00fameda: Sistema autom\u00e1tico de rociadores con fusibles que se accionan a una determinada temperatura. Posee una v\u00e1lvula de control y alarma para cada zona.<br \/><\/span><span style=\"font-size: 85%;\">&#8211;&nbsp; Ca\u00f1er\u00eda seca: Sistema manual de rociadores abiertos y v\u00e1lvula de diluvio de accionamiento manual, hidr\u00e1ulico, neum\u00e1tico y\/o el\u00e9ctrico.<br \/><\/span><span style=\"font-size: 85%;\">&#8211; Sistemas de Acci\u00f3n Previa: Rociadores cerrados presurizados con aire o gas comandados por una v\u00e1lvula de acci\u00f3n previa mediante un sistema de detecci\u00f3n complementario. &nbsp;&nbsp;&nbsp;&nbsp;&nbsp;&nbsp;&nbsp;&nbsp;&nbsp;&nbsp;&nbsp;&nbsp;<\/span><\/p>\n<ol>\n<li><span style=\"font-size: 85%;\"><strong>Hidrantes, monitores y bocas de impulsi\u00f3n.<\/strong><\/span><\/li>\n<\/ol>\n<p><span style=\"font-size: 85%;\">Se trata de un sistema manual, el cual debe ser operado por personal capacitado. Instalaci\u00f3n fija con ca\u00f1er\u00eda seca o h\u00fameda.<br \/><\/span><span style=\"font-size: 85%;\">&#8211; Hidrantes (Bocas de incendio).<br \/><\/span><span style=\"font-size: 85%;\">&#8211; Monitores: Fijos o port\u00e1tiles.<br \/><\/span><span style=\"font-size: 85%;\">&#8211; Bocas de impulsi\u00f3n. Simples o Dobles, para toma de bomberos.<\/span><\/p>\n\n<\/div><\/div>\n\n<\/div>\n<div class=\"container section-title-container\" ><h4 class=\"section-title section-title-normal\"><b><\/b><span class=\"section-title-main\" >1.2. Extinci\u00f3n por espuma<\/span><b><\/b><\/h4><\/div><!-- .section-title -->\n\n<div class=\"row\"  id=\"row-291933326\">\n\n<div class=\"col medium-4 small-12 large-4\"  ><div class=\"col-inner\"  >\n\n\t<div class=\"img has-hover x md-x lg-x y md-y lg-y\" id=\"image_1798787925\">\n\t\t\t\t\t\t\t\t<div class=\"img-inner image-cover dark\" style=\"padding-top:300px;\">\n\t\t\t<img loading=\"lazy\" decoding=\"async\" width=\"600\" height=\"450\" src=\"http:\/\/siproi.com.ar\/sitio\/wp-content\/uploads\/2020\/02\/espuma.jpg\" class=\"attachment-large size-large\" alt=\"\" srcset=\"http:\/\/siproi.com.ar\/sitio\/wp-content\/uploads\/2020\/02\/espuma.jpg 600w, http:\/\/siproi.com.ar\/sitio\/wp-content\/uploads\/2020\/02\/espuma-510x383.jpg 510w, http:\/\/siproi.com.ar\/sitio\/wp-content\/uploads\/2020\/02\/espuma-533x400.jpg 533w\" sizes=\"auto, (max-width: 600px) 100vw, 600px\" \/>\t\t\t\t\t\t\n\t\t\t\t\t<\/div>\n\t\t\t\t\t\t\t\t\n<style scope=\"scope\">\n\n#image_1798787925 {\n  width: 100%;\n}\n<\/style>\n\t<\/div>\n\t\n\n\n<\/div><\/div>\n<div class=\"col medium-8 small-12 large-8\"  ><div class=\"col-inner\"  >\n\n<p><span style=\"font-size: 85%;\">Los sistemas a base de espumas son ideales para la protecci\u00f3n de ambientes con qu\u00edmicos peligrosos, l\u00edquidos inflamables y productos derivados de petr\u00f3leo.<\/span><\/p>\n<p><span style=\"font-size: 85%;\">Consiste en un dosificador de l\u00edquido emulsor y&nbsp; agua que en contacto con el aire genera una soluci\u00f3n de espuma capaz de suprimir el fuego.<\/span><\/p>\n<p><span style=\"font-size: 85%;\">Para ello se utilizan diversos equipos: carros, c\u00e1maras, monitores de espuma, tanques Bladder, etc.<\/span><\/p>\n\n<\/div><\/div>\n\n<\/div>\n<div class=\"container section-title-container\" ><h4 class=\"section-title section-title-normal\"><b><\/b><span class=\"section-title-main\" >1.3. Extinci\u00f3n por gases<\/span><b><\/b><\/h4><\/div><!-- .section-title -->\n\n<div class=\"row\"  id=\"row-1727399240\">\n\n<div class=\"col medium-4 small-12 large-4\"  ><div class=\"col-inner\"  >\n\n\t<div class=\"img has-hover x md-x lg-x y md-y lg-y\" id=\"image_485384070\">\n\t\t\t\t\t\t\t\t<div class=\"img-inner image-cover dark\" style=\"padding-top:300px;\">\n\t\t\t<img loading=\"lazy\" decoding=\"async\" width=\"642\" height=\"401\" src=\"http:\/\/siproi.com.ar\/sitio\/wp-content\/uploads\/2020\/02\/gases.jpg\" class=\"attachment-large size-large\" alt=\"\" srcset=\"http:\/\/siproi.com.ar\/sitio\/wp-content\/uploads\/2020\/02\/gases.jpg 642w, http:\/\/siproi.com.ar\/sitio\/wp-content\/uploads\/2020\/02\/gases-510x319.jpg 510w, http:\/\/siproi.com.ar\/sitio\/wp-content\/uploads\/2020\/02\/gases-640x400.jpg 640w, http:\/\/siproi.com.ar\/sitio\/wp-content\/uploads\/2020\/02\/gases-600x375.jpg 600w\" sizes=\"auto, (max-width: 642px) 100vw, 642px\" \/>\t\t\t\t\t\t\n\t\t\t\t\t<\/div>\n\t\t\t\t\t\t\t\t\n<style scope=\"scope\">\n\n#image_485384070 {\n  width: 100%;\n}\n<\/style>\n\t<\/div>\n\t\n\n\n<\/div><\/div>\n<div class=\"col medium-8 small-12 large-8\"  ><div class=\"col-inner\"  >\n\n<p><span style=\"font-size: 85%;\">Estos sistemas se recomiendan para la protecci\u00f3n de equipos y maquinaria, como por ejemplo en centros de c\u00f3mputos, archivos, salas de transformadores, etc.<\/span><\/p>\n<p><span style=\"font-size: 85%;\"><strong>Ventajas:<br \/><\/strong><\/span><span style=\"font-size: 85%;\">&#8211; Extinci\u00f3n r\u00e1pida<br \/><\/span><span style=\"font-size: 85%;\">&#8211; Se evita el deterioro de los bienes ocasionado por los agentes extintores y residuos.<br \/><\/span><span style=\"font-size: 85%;\">Ante la presencia de humo, llama o temperatura en el ambiente se dispara una bater\u00eda de cilindros con el gas inerte adecuado al riesgo a cubrir, inundando toda la zona.<br \/><\/span><span style=\"font-size: 85%;\">Se utilizan gases como Di\u00f3xido de carbono (CO2), <a href=\"http:\/\/intecomgroup.com.ar\/muestraobjeto.asp?id=447&amp;descrip=Heptafluorpropano%20(FM%20-%20200)&amp;tipo=0\">Heptafluorpropano (FM &#8211; 200)<\/a>, Acetato de potasio (Para cocinas), Agentes Limpios, entre otros.<br \/><\/span><span style=\"font-size: 85%;\">En algunos casos, como en el de CO2, estas instalaciones deben estar acompa\u00f1adas por sistemas de detecci\u00f3n con dispositivos de bloqueo de descarga que permitan la convivencia de los mismos con las personas.<\/span><\/p>\n<a href=\"http:\/\/siproi.com.ar\/sitio\/\" target=\"_self\" class=\"button alert lowercase\"  style=\"border-radius:99px;\">\n    <span>volver<\/span>\n  <\/a>\n\n\n\n<\/div><\/div>\n\n<\/div>\n\n","protected":false},"excerpt":{"rendered":"","protected":false},"author":3,"featured_media":0,"parent":0,"menu_order":0,"comment_status":"closed","ping_status":"closed","template":"","meta":{"iawp_total_views":1502,"footnotes":""},"class_list":["post-372","page","type-page","status-publish","hentry"],"_links":{"self":[{"href":"http:\/\/siproi.com.ar\/sitio\/wp-json\/wp\/v2\/pages\/372","targetHints":{"allow":["GET"]}}],"collection":[{"href":"http:\/\/siproi.com.ar\/sitio\/wp-json\/wp\/v2\/pages"}],"about":[{"href":"http:\/\/siproi.com.ar\/sitio\/wp-json\/wp\/v2\/types\/page"}],"author":[{"embeddable":true,"href":"http:\/\/siproi.com.ar\/sitio\/wp-json\/wp\/v2\/users\/3"}],"replies":[{"embeddable":true,"href":"http:\/\/siproi.com.ar\/sitio\/wp-json\/wp\/v2\/comments?post=372"}],"version-history":[{"count":21,"href":"http:\/\/siproi.com.ar\/sitio\/wp-json\/wp\/v2\/pages\/372\/revisions"}],"predecessor-version":[{"id":516,"href":"http:\/\/siproi.com.ar\/sitio\/wp-json\/wp\/v2\/pages\/372\/revisions\/516"}],"wp:attachment":[{"href":"http:\/\/siproi.com.ar\/sitio\/wp-json\/wp\/v2\/media?parent=372"}],"curies":[{"name":"wp","href":"https:\/\/api.w.org\/{rel}","templated":true}]}}