{"id":201,"date":"2020-01-16T22:25:43","date_gmt":"2020-01-16T22:25:43","guid":{"rendered":"http:\/\/siproi.com.ar\/sitio\/?page_id=201"},"modified":"2020-03-13T16:13:37","modified_gmt":"2020-03-13T16:13:37","slug":"nosotros","status":"publish","type":"page","link":"http:\/\/siproi.com.ar\/sitio\/nosotros\/","title":{"rendered":"Nosotros"},"content":{"rendered":"\n<div class=\"slider-wrapper relative \" id=\"slider-1359501076\" >\n    <div class=\"slider slider-nav-circle slider-nav-large slider-nav-light slider-style-normal\"\n        data-flickity-options='{\n            \"cellAlign\": \"center\",\n            \"imagesLoaded\": true,\n            \"lazyLoad\": 1,\n            \"freeScroll\": false,\n            \"wrapAround\": true,\n            \"autoPlay\": 6000,\n            \"pauseAutoPlayOnHover\" : true,\n            \"prevNextButtons\": true,\n            \"contain\" : true,\n            \"adaptiveHeight\" : true,\n            \"dragThreshold\" : 10,\n            \"percentPosition\": true,\n            \"pageDots\": true,\n            \"rightToLeft\": false,\n            \"draggable\": true,\n            \"selectedAttraction\": 0.1,\n            \"parallax\" : 0,\n            \"friction\": 0.6        }'\n        >\n        \n\n\n  <div class=\"banner has-hover\" id=\"banner-2044798848\">\n          <div class=\"banner-inner fill\">\n        <div class=\"banner-bg fill\" >\n            <div class=\"bg fill bg-fill \"><\/div>\n                        <div class=\"overlay\"><\/div>            \n                    <\/div><!-- bg-layers -->\n        <div class=\"banner-layers container\">\n            <div class=\"fill banner-link\"><\/div>            \n\n   <div id=\"text-box-1091222633\" class=\"text-box banner-layer x50 md-x50 lg-x50 y50 md-y50 lg-y50 res-text\">\n                     <div data-animate=\"flipInY\">           <div class=\"text dark\">\n              \n              <div class=\"text-inner text-center\">\n                  \n\n<div class=\"is-divider divider clearfix\" style=\"margin-top:3px;margin-bottom:3px;\"><\/div><!-- .divider -->\n\n<h3 class=\"normal\"><span style=\"font-size: 140%;\"><strong><span style=\"color: #ffffff; font-family: helvetica, arial, sans-serif;\">EN SIPROI SRL <br \/><span style=\"font-size: 75%;\">NUESTRO NEGOCIO ES PROTEGER EL TUYO<\/span><br \/><\/span><\/strong><\/span><\/h3>\n<div class=\"is-divider divider clearfix\" ><\/div><!-- .divider -->\n\n\n              <\/div>\n           <\/div><!-- text-box-inner -->\n       <\/div>                     \n<style scope=\"scope\">\n\n#text-box-1091222633 {\n  width: 100%;\n}\n#text-box-1091222633 .text {\n  font-size: 100%;\n}\n\n\n@media (min-width:550px) {\n\n  #text-box-1091222633 {\n    width: 58%;\n  }\n\n}\n<\/style>\n    <\/div><!-- text-box -->\n \n\n        <\/div><!-- .banner-layers -->\n      <\/div><!-- .banner-inner -->\n\n            \n<style scope=\"scope\">\n\n#banner-2044798848 {\n  padding-top: 400px;\n}\n#banner-2044798848 .bg.bg-loaded {\n  background-image: url(http:\/\/siproi.com.ar\/sitio\/wp-content\/uploads\/2020\/02\/Proyecto.jpg);\n}\n#banner-2044798848 .overlay {\n  background-color: rgba(0, 0, 0, 0.45);\n}\n#banner-2044798848 .bg {\n  background-position: 58% 63%;\n}\n<\/style>\n  <\/div><!-- .banner -->\n\n\n\n     <\/div>\n\n     <div class=\"loading-spin dark large centered\"><\/div>\n\n     <style scope=\"scope\">\n             <\/style>\n<\/div><!-- .ux-slider-wrapper -->\n\n\n<div class=\"message-box relative dark\" style=\"padding-top:69px;padding-bottom:69px;\"><div class=\"message-box-bg-image bg-fill fill\" ><\/div><div class=\"message-box-bg-overlay bg-fill fill\" ><\/div><div class=\"container relative\"><div class=\"inner last-reset\">\n\n<div class=\"row align-middle align-center\"  id=\"row-1547907778\">\n\n<div class=\"col medium-9 small-12 large-9\"  ><div class=\"col-inner\"  >\n\n<p>Somos una empresa dedicada a la prevenci\u00f3n, extinci\u00f3n y detecci\u00f3n de incendios que ha definido al Sistema de Gesti\u00f3n de Calidad como estrategia y prioridad para conseguir la excelencia en todos los niveles de servicio que brindamos, a fin de asegurar la protecci\u00f3n de las personas, sus bienes y el medio ambiente.<br \/>\nTrabajamos para ser una empresa de servicios contra incendio que genere valor y contribuya al desarrollo de nuestros clientes, empleados y proveedores.<br \/>\nBasamos nuestros valores en Honestidad e integridad, el Cuidado y Colaboraci\u00f3n, el Respeto y la Unidad.<\/p>\n\n<\/div><\/div>\n<div class=\"col medium-3 small-12 large-3\"  ><div class=\"col-inner text-center\"  >\n\n<a rel=\"noopener noreferrer\" href=\"http:\/\/siproi.com.ar\/sitio\/wp-content\/uploads\/2020\/03\/A-01_POLITICA_CALIDAD_REV01-1.pdf\" target=\"_blank\" class=\"button white is-outline\"  style=\"border-radius:99px;\">\n    <span>POLITICA DE CALIDAD<\/span>\n  <\/a>\n\n\n\n<\/div><\/div>\n\n\n<style scope=\"scope\">\n\n<\/style>\n<\/div>\n\n<\/div><\/div><\/div>\n\n","protected":false},"excerpt":{"rendered":"","protected":false},"author":3,"featured_media":0,"parent":0,"menu_order":0,"comment_status":"closed","ping_status":"closed","template":"page-blank.php","meta":{"iawp_total_views":1189,"footnotes":""},"class_list":["post-201","page","type-page","status-publish","hentry"],"_links":{"self":[{"href":"http:\/\/siproi.com.ar\/sitio\/wp-json\/wp\/v2\/pages\/201","targetHints":{"allow":["GET"]}}],"collection":[{"href":"http:\/\/siproi.com.ar\/sitio\/wp-json\/wp\/v2\/pages"}],"about":[{"href":"http:\/\/siproi.com.ar\/sitio\/wp-json\/wp\/v2\/types\/page"}],"author":[{"embeddable":true,"href":"http:\/\/siproi.com.ar\/sitio\/wp-json\/wp\/v2\/users\/3"}],"replies":[{"embeddable":true,"href":"http:\/\/siproi.com.ar\/sitio\/wp-json\/wp\/v2\/comments?post=201"}],"version-history":[{"count":26,"href":"http:\/\/siproi.com.ar\/sitio\/wp-json\/wp\/v2\/pages\/201\/revisions"}],"predecessor-version":[{"id":680,"href":"http:\/\/siproi.com.ar\/sitio\/wp-json\/wp\/v2\/pages\/201\/revisions\/680"}],"wp:attachment":[{"href":"http:\/\/siproi.com.ar\/sitio\/wp-json\/wp\/v2\/media?parent=201"}],"curies":[{"name":"wp","href":"https:\/\/api.w.org\/{rel}","templated":true}]}}